{"id":6994,"date":"2023-02-05T08:42:14","date_gmt":"2023-02-05T08:42:14","guid":{"rendered":"https:\/\/lecturerapidekids.com\/?post_type=product&#038;p=6994"},"modified":"2025-11-07T22:10:48","modified_gmt":"2025-11-07T22:10:48","slug":"formation-100-en-ligne-offre-plus","status":"publish","type":"product","link":"https:\/\/lecturerapidekids.com\/en\/product\/formation-100-en-ligne-offre-plus\/","title":{"rendered":"Offre Plus &#8211; SPECIALE ENNEAGRAMME"},"content":{"rendered":"","protected":false},"excerpt":{"rendered":"<p>Profitez des meilleurs outils pour aider votre enfant \u00e0 renforcer la confiance en soi,\u00a0 son estime de soi, et sa capacit\u00e9 \u00e0 r\u00e9guler ses \u00e9motions et r\u00e9soudre les conflits de mani\u00e8re constructive. Ces comp\u00e9tences sont toutes importantes pour son bien-\u00eatre \u00e9motionnel et sa r\u00e9ussite scolaire et sociale<\/p>\n<p>Dans cette offre, retrouvez le programme complet &#8220;Lecture Rapide Sp\u00e9cial Kids&#8221; et les deux premi\u00e8res parties du programme &#8220;D\u00e9couvrez La personnalit\u00e9 de votre enfant&#8221;.<\/p>\n<p>\u00ab D\u00e9couvrez la personnalit\u00e9 de votre enfant \u00bb est un programme de\u00a0<strong>2h<\/strong>\u00a0qui vous pr\u00e9sente un fabuleux outil pour mieux comprendre votre enfant.<\/p>\n<p>Bas\u00e9 sur l\u2019Enn\u00e9agramme, cette formation vous aidera \u00e0 adopter une\u00a0<strong>approche \u00e9ducative<\/strong>\u00a0consciencieuse, \u00e9quilibr\u00e9e et\u00a0<strong>adapt\u00e9e au profil de votre enfant<\/strong>.<\/p>\n<p>Tout au long de la formation, vous serez guid\u00e9(e) pas \u00e0 pas afin d\u2019apprendre \u00e0 mieux conna\u00eetre votre enfant, ses m\u00e9canismes pour mieux le guider vers l\u2019\u00e9panouissement.<\/p>","protected":false},"featured_media":12603,"comment_status":"closed","ping_status":"closed","template":"","meta":{"_acf_changed":false},"product_brand":[],"product_cat":[77],"product_tag":[],"class_list":{"0":"post-6994","1":"product","2":"type-product","3":"status-publish","4":"has-post-thumbnail","6":"product_cat-programme-en-ligne","8":"first","9":"instock","10":"virtual","11":"purchasable","12":"product-type-simple"},"acf":[],"yoast_head":"<!-- This site is optimized with the Yoast SEO plugin v26.5 - https:\/\/yoast.com\/wordpress\/plugins\/seo\/ -->\n<title>Offre Plus - SPECIALE ENNEAGRAMME - lecturerapidekids<\/title>\n<meta name=\"robots\" content=\"index, follow, max-snippet:-1, max-image-preview:large, max-video-preview:-1\" \/>\n<link rel=\"canonical\" href=\"https:\/\/lecturerapidekids.com\/en\/product\/formation-100-en-ligne-offre-plus\/\" \/>\n<meta property=\"og:locale\" content=\"en_US\" \/>\n<meta property=\"og:type\" content=\"article\" \/>\n<meta property=\"og:title\" content=\"Offre Plus - SPECIALE ENNEAGRAMME - lecturerapidekids\" \/>\n<meta property=\"og:description\" content=\"Profitez des meilleurs outils pour aider votre enfant \u00e0 renforcer la confiance en soi,\u00a0 son estime de soi, et sa capacit\u00e9 \u00e0 r\u00e9guler ses \u00e9motions et r\u00e9soudre les conflits de mani\u00e8re constructive. Ces comp\u00e9tences sont toutes importantes pour son bien-\u00eatre \u00e9motionnel et sa r\u00e9ussite scolaire et sociale  Dans cette offre, retrouvez le programme complet &quot;Lecture Rapide Sp\u00e9cial Kids&quot; et les deux premi\u00e8res parties du programme &quot;D\u00e9couvrez La personnalit\u00e9 de votre enfant&quot;.  \u00ab D\u00e9couvrez la personnalit\u00e9 de votre enfant \u00bb est un programme de\u00a02h\u00a0qui vous pr\u00e9sente un fabuleux outil pour mieux comprendre votre enfant.  Bas\u00e9 sur l\u2019Enn\u00e9agramme, cette formation vous aidera \u00e0 adopter une\u00a0approche \u00e9ducative\u00a0consciencieuse, \u00e9quilibr\u00e9e et\u00a0adapt\u00e9e au profil de votre enfant.  Tout au long de la formation, vous serez guid\u00e9(e) pas \u00e0 pas afin d\u2019apprendre \u00e0 mieux conna\u00eetre votre enfant, ses m\u00e9canismes pour mieux le guider vers l\u2019\u00e9panouissement.\" \/>\n<meta property=\"og:url\" content=\"https:\/\/lecturerapidekids.com\/en\/product\/formation-100-en-ligne-offre-plus\/\" \/>\n<meta property=\"og:site_name\" content=\"lecturerapidekids\" \/>\n<meta property=\"article:publisher\" content=\"https:\/\/www.facebook.com\/LectureRapideSpecialKids\" \/>\n<meta property=\"article:modified_time\" content=\"2025-11-07T22:10:48+00:00\" \/>\n<meta property=\"og:image\" content=\"https:\/\/lecturerapidekids.com\/wp-content\/uploads\/2024\/06\/product1.png\" \/>\n\t<meta property=\"og:image:width\" content=\"294\" \/>\n\t<meta property=\"og:image:height\" content=\"293\" \/>\n\t<meta property=\"og:image:type\" content=\"image\/png\" \/>\n<meta name=\"twitter:card\" content=\"summary_large_image\" \/>\n<script type=\"application\/ld+json\" class=\"yoast-schema-graph\">{\"@context\":\"https:\/\/schema.org\",\"@graph\":[{\"@type\":\"WebPage\",\"@id\":\"https:\/\/lecturerapidekids.com\/produit\/formation-100-en-ligne-offre-plus\/\",\"url\":\"https:\/\/lecturerapidekids.com\/produit\/formation-100-en-ligne-offre-plus\/\",\"name\":\"Offre Plus - SPECIALE ENNEAGRAMME - lecturerapidekids\",\"isPartOf\":{\"@id\":\"https:\/\/lecturerapidekids.com\/#website\"},\"primaryImageOfPage\":{\"@id\":\"https:\/\/lecturerapidekids.com\/produit\/formation-100-en-ligne-offre-plus\/#primaryimage\"},\"image\":{\"@id\":\"https:\/\/lecturerapidekids.com\/produit\/formation-100-en-ligne-offre-plus\/#primaryimage\"},\"thumbnailUrl\":\"https:\/\/lecturerapidekids.com\/wp-content\/uploads\/2024\/06\/product1.png\",\"datePublished\":\"2023-02-05T08:42:14+00:00\",\"dateModified\":\"2025-11-07T22:10:48+00:00\",\"breadcrumb\":{\"@id\":\"https:\/\/lecturerapidekids.com\/produit\/formation-100-en-ligne-offre-plus\/#breadcrumb\"},\"inLanguage\":\"en-US\",\"potentialAction\":[{\"@type\":\"ReadAction\",\"target\":[\"https:\/\/lecturerapidekids.com\/produit\/formation-100-en-ligne-offre-plus\/\"]}]},{\"@type\":\"ImageObject\",\"inLanguage\":\"en-US\",\"@id\":\"https:\/\/lecturerapidekids.com\/produit\/formation-100-en-ligne-offre-plus\/#primaryimage\",\"url\":\"https:\/\/lecturerapidekids.com\/wp-content\/uploads\/2024\/06\/product1.png\",\"contentUrl\":\"https:\/\/lecturerapidekids.com\/wp-content\/uploads\/2024\/06\/product1.png\",\"width\":294,\"height\":293},{\"@type\":\"BreadcrumbList\",\"@id\":\"https:\/\/lecturerapidekids.com\/produit\/formation-100-en-ligne-offre-plus\/#breadcrumb\",\"itemListElement\":[{\"@type\":\"ListItem\",\"position\":1,\"name\":\"Accueil\",\"item\":\"https:\/\/lecturerapidekids.com\/\"},{\"@type\":\"ListItem\",\"position\":2,\"name\":\"Shop\",\"item\":\"https:\/\/lecturerapidekids.com\/shop\/\"},{\"@type\":\"ListItem\",\"position\":3,\"name\":\"Offre Plus &#8211; SPECIALE ENNEAGRAMME\"}]},{\"@type\":\"WebSite\",\"@id\":\"https:\/\/lecturerapidekids.com\/#website\",\"url\":\"https:\/\/lecturerapidekids.com\/\",\"name\":\"lecturerapidekids\",\"description\":\"Donnez le go\u00fbt de la lecture \u00e0 votre enfant et doublez sa vitesse de lecture en 2h30\",\"potentialAction\":[{\"@type\":\"SearchAction\",\"target\":{\"@type\":\"EntryPoint\",\"urlTemplate\":\"https:\/\/lecturerapidekids.com\/?s={search_term_string}\"},\"query-input\":{\"@type\":\"PropertyValueSpecification\",\"valueRequired\":true,\"valueName\":\"search_term_string\"}}],\"inLanguage\":\"en-US\"}]}<\/script>\n<!-- \/ Yoast SEO plugin. -->","yoast_head_json":{"title":"Offre Plus - SPECIALE ENNEAGRAMME - lecturerapidekids","robots":{"index":"index","follow":"follow","max-snippet":"max-snippet:-1","max-image-preview":"max-image-preview:large","max-video-preview":"max-video-preview:-1"},"canonical":"https:\/\/lecturerapidekids.com\/en\/product\/formation-100-en-ligne-offre-plus\/","og_locale":"en_US","og_type":"article","og_title":"Offre Plus - SPECIALE ENNEAGRAMME - lecturerapidekids","og_description":"Profitez des meilleurs outils pour aider votre enfant \u00e0 renforcer la confiance en soi,\u00a0 son estime de soi, et sa capacit\u00e9 \u00e0 r\u00e9guler ses \u00e9motions et r\u00e9soudre les conflits de mani\u00e8re constructive. Ces comp\u00e9tences sont toutes importantes pour son bien-\u00eatre \u00e9motionnel et sa r\u00e9ussite scolaire et sociale  Dans cette offre, retrouvez le programme complet \"Lecture Rapide Sp\u00e9cial Kids\" et les deux premi\u00e8res parties du programme \"D\u00e9couvrez La personnalit\u00e9 de votre enfant\".  \u00ab D\u00e9couvrez la personnalit\u00e9 de votre enfant \u00bb est un programme de\u00a02h\u00a0qui vous pr\u00e9sente un fabuleux outil pour mieux comprendre votre enfant.  Bas\u00e9 sur l\u2019Enn\u00e9agramme, cette formation vous aidera \u00e0 adopter une\u00a0approche \u00e9ducative\u00a0consciencieuse, \u00e9quilibr\u00e9e et\u00a0adapt\u00e9e au profil de votre enfant.  Tout au long de la formation, vous serez guid\u00e9(e) pas \u00e0 pas afin d\u2019apprendre \u00e0 mieux conna\u00eetre votre enfant, ses m\u00e9canismes pour mieux le guider vers l\u2019\u00e9panouissement.","og_url":"https:\/\/lecturerapidekids.com\/en\/product\/formation-100-en-ligne-offre-plus\/","og_site_name":"lecturerapidekids","article_publisher":"https:\/\/www.facebook.com\/LectureRapideSpecialKids","article_modified_time":"2025-11-07T22:10:48+00:00","og_image":[{"width":294,"height":293,"url":"https:\/\/lecturerapidekids.com\/wp-content\/uploads\/2024\/06\/product1.png","type":"image\/png"}],"twitter_card":"summary_large_image","schema":{"@context":"https:\/\/schema.org","@graph":[{"@type":"WebPage","@id":"https:\/\/lecturerapidekids.com\/produit\/formation-100-en-ligne-offre-plus\/","url":"https:\/\/lecturerapidekids.com\/produit\/formation-100-en-ligne-offre-plus\/","name":"Offre Plus - SPECIALE ENNEAGRAMME - lecturerapidekids","isPartOf":{"@id":"https:\/\/lecturerapidekids.com\/#website"},"primaryImageOfPage":{"@id":"https:\/\/lecturerapidekids.com\/produit\/formation-100-en-ligne-offre-plus\/#primaryimage"},"image":{"@id":"https:\/\/lecturerapidekids.com\/produit\/formation-100-en-ligne-offre-plus\/#primaryimage"},"thumbnailUrl":"https:\/\/lecturerapidekids.com\/wp-content\/uploads\/2024\/06\/product1.png","datePublished":"2023-02-05T08:42:14+00:00","dateModified":"2025-11-07T22:10:48+00:00","breadcrumb":{"@id":"https:\/\/lecturerapidekids.com\/produit\/formation-100-en-ligne-offre-plus\/#breadcrumb"},"inLanguage":"en-US","potentialAction":[{"@type":"ReadAction","target":["https:\/\/lecturerapidekids.com\/produit\/formation-100-en-ligne-offre-plus\/"]}]},{"@type":"ImageObject","inLanguage":"en-US","@id":"https:\/\/lecturerapidekids.com\/produit\/formation-100-en-ligne-offre-plus\/#primaryimage","url":"https:\/\/lecturerapidekids.com\/wp-content\/uploads\/2024\/06\/product1.png","contentUrl":"https:\/\/lecturerapidekids.com\/wp-content\/uploads\/2024\/06\/product1.png","width":294,"height":293},{"@type":"BreadcrumbList","@id":"https:\/\/lecturerapidekids.com\/produit\/formation-100-en-ligne-offre-plus\/#breadcrumb","itemListElement":[{"@type":"ListItem","position":1,"name":"Accueil","item":"https:\/\/lecturerapidekids.com\/"},{"@type":"ListItem","position":2,"name":"Shop","item":"https:\/\/lecturerapidekids.com\/shop\/"},{"@type":"ListItem","position":3,"name":"Offre Plus &#8211; SPECIALE ENNEAGRAMME"}]},{"@type":"WebSite","@id":"https:\/\/lecturerapidekids.com\/#website","url":"https:\/\/lecturerapidekids.com\/","name":"lecturerapidekids","description":"Donnez le go\u00fbt de la lecture \u00e0 votre enfant et doublez sa vitesse de lecture en 2h30","potentialAction":[{"@type":"SearchAction","target":{"@type":"EntryPoint","urlTemplate":"https:\/\/lecturerapidekids.com\/?s={search_term_string}"},"query-input":{"@type":"PropertyValueSpecification","valueRequired":true,"valueName":"search_term_string"}}],"inLanguage":"en-US"}]}},"_links":{"self":[{"href":"https:\/\/lecturerapidekids.com\/en\/wp-json\/wp\/v2\/product\/6994","targetHints":{"allow":["GET"]}}],"collection":[{"href":"https:\/\/lecturerapidekids.com\/en\/wp-json\/wp\/v2\/product"}],"about":[{"href":"https:\/\/lecturerapidekids.com\/en\/wp-json\/wp\/v2\/types\/product"}],"replies":[{"embeddable":true,"href":"https:\/\/lecturerapidekids.com\/en\/wp-json\/wp\/v2\/comments?post=6994"}],"version-history":[{"count":7,"href":"https:\/\/lecturerapidekids.com\/en\/wp-json\/wp\/v2\/product\/6994\/revisions"}],"predecessor-version":[{"id":12608,"href":"https:\/\/lecturerapidekids.com\/en\/wp-json\/wp\/v2\/product\/6994\/revisions\/12608"}],"wp:featuredmedia":[{"embeddable":true,"href":"https:\/\/lecturerapidekids.com\/en\/wp-json\/wp\/v2\/media\/12603"}],"wp:attachment":[{"href":"https:\/\/lecturerapidekids.com\/en\/wp-json\/wp\/v2\/media?parent=6994"}],"wp:term":[{"taxonomy":"product_brand","embeddable":true,"href":"https:\/\/lecturerapidekids.com\/en\/wp-json\/wp\/v2\/product_brand?post=6994"},{"taxonomy":"product_cat","embeddable":true,"href":"https:\/\/lecturerapidekids.com\/en\/wp-json\/wp\/v2\/product_cat?post=6994"},{"taxonomy":"product_tag","embeddable":true,"href":"https:\/\/lecturerapidekids.com\/en\/wp-json\/wp\/v2\/product_tag?post=6994"}],"curies":[{"name":"wp","href":"https:\/\/api.w.org\/{rel}","templated":true}]}}