{"id":7153,"date":"2023-02-10T20:37:41","date_gmt":"2023-02-10T20:37:41","guid":{"rendered":"https:\/\/lecturerapidekids.com\/?page_id=7153"},"modified":"2023-02-17T12:57:36","modified_gmt":"2023-02-17T12:57:36","slug":"confirmation-testez-online","status":"publish","type":"page","link":"https:\/\/lecturerapidekids.com\/en\/confirmation-testez-online\/","title":{"rendered":"Testez gratuitement Lecture Rapide Sp\u00e9ciale Kids &#8211; Confirmation"},"content":{"rendered":"<div data-elementor-type=\"wp-page\" data-elementor-id=\"7153\" class=\"elementor elementor-7153\" data-elementor-post-type=\"page\">\n\t\t\t\t\t\t<section class=\"elementor-section elementor-top-section elementor-element elementor-element-b0e85e6 elementor-hidden-mobile elementor-section-boxed elementor-section-height-default elementor-section-height-default\" data-id=\"b0e85e6\" data-element_type=\"section\" data-settings=\"{&quot;background_background&quot;:&quot;classic&quot;}\">\n\t\t\t\t\t\t<div class=\"elementor-container elementor-column-gap-default\">\n\t\t\t\t\t<div class=\"elementor-column elementor-col-100 elementor-top-column elementor-element elementor-element-02d7de0\" data-id=\"02d7de0\" data-element_type=\"column\">\n\t\t\t<div class=\"elementor-widget-wrap elementor-element-populated\">\n\t\t\t\t\t\t<div class=\"elementor-element elementor-element-dad6a25 elementor-widget elementor-widget-image\" data-id=\"dad6a25\" data-element_type=\"widget\" data-widget_type=\"image.default\">\n\t\t\t\t<div class=\"elementor-widget-container\">\n\t\t\t\t\t\t\t\t\t\t\t\t\t\t\t<img fetchpriority=\"high\" decoding=\"async\" width=\"1920\" height=\"1766\" src=\"https:\/\/lecturerapidekids.com\/wp-content\/uploads\/2023\/02\/logo-JAUNE-copie-2-scaled.png\" class=\"attachment-full size-full wp-image-7081\" alt=\"\" srcset=\"https:\/\/lecturerapidekids.com\/wp-content\/uploads\/2023\/02\/logo-JAUNE-copie-2-scaled.png 1920w, https:\/\/lecturerapidekids.com\/wp-content\/uploads\/2023\/02\/logo-JAUNE-copie-2-scaled-600x552.png 600w\" sizes=\"(max-width: 1920px) 100vw, 1920px\" \/>\t\t\t\t\t\t\t\t\t\t\t\t\t\t\t<\/div>\n\t\t\t\t<\/div>\n\t\t\t\t\t<\/div>\n\t\t<\/div>\n\t\t\t\t\t<\/div>\n\t\t<\/section>\n\t\t\t\t<section class=\"elementor-section elementor-top-section elementor-element elementor-element-7fc4b6d elementor-hidden-mobile elementor-section-boxed elementor-section-height-default elementor-section-height-default\" data-id=\"7fc4b6d\" data-element_type=\"section\" data-settings=\"{&quot;background_background&quot;:&quot;classic&quot;}\">\n\t\t\t\t\t\t<div class=\"elementor-container elementor-column-gap-default\">\n\t\t\t\t\t<div class=\"elementor-column elementor-col-33 elementor-top-column elementor-element elementor-element-d625f2e\" data-id=\"d625f2e\" data-element_type=\"column\">\n\t\t\t<div class=\"elementor-widget-wrap\">\n\t\t\t\t\t\t\t<\/div>\n\t\t<\/div>\n\t\t\t\t<div class=\"elementor-column elementor-col-33 elementor-top-column elementor-element elementor-element-e6a7489\" data-id=\"e6a7489\" data-element_type=\"column\">\n\t\t\t<div class=\"elementor-widget-wrap elementor-element-populated\">\n\t\t\t\t\t\t<div class=\"elementor-element elementor-element-4f0dc0f elementor-widget elementor-widget-text-editor\" data-id=\"4f0dc0f\" data-element_type=\"widget\" data-widget_type=\"text-editor.default\">\n\t\t\t\t<div class=\"elementor-widget-container\">\n\t\t\t\t\t\t\t\t\t<p><br>MERCI DE VOTRE INSCRIPTION !<br><\/p>\t\t\t\t\t\t\t\t<\/div>\n\t\t\t\t<\/div>\n\t\t\t\t<div class=\"elementor-element elementor-element-58ea77e elementor-widget elementor-widget-text-editor\" data-id=\"58ea77e\" data-element_type=\"widget\" data-widget_type=\"text-editor.default\">\n\t\t\t\t<div class=\"elementor-widget-container\">\n\t\t\t\t\t\t\t\t\t<p><span style=\"font-size: 16px;\">IMPORTANT : Vous allez recevoir d\u2019ici quelques minutes un email.<\/span><\/p><p><span style=\"font-size: 16px;\">Il contiendra votre premi\u00e8re vid\u00e9o !<\/span><\/p>\t\t\t\t\t\t\t\t<\/div>\n\t\t\t\t<\/div>\n\t\t\t\t<div class=\"elementor-element elementor-element-c5ec45a elementor-widget elementor-widget-image\" data-id=\"c5ec45a\" data-element_type=\"widget\" data-widget_type=\"image.default\">\n\t\t\t\t<div class=\"elementor-widget-container\">\n\t\t\t\t\t\t\t\t\t\t\t\t\t\t\t<img decoding=\"async\" width=\"1024\" height=\"574\" src=\"https:\/\/lecturerapidekids.com\/wp-content\/uploads\/2023\/02\/IMAGE-BI-KIDS-1024x574.jpeg\" class=\"attachment-large size-large wp-image-7015\" alt=\"\" srcset=\"https:\/\/lecturerapidekids.com\/wp-content\/uploads\/2023\/02\/IMAGE-BI-KIDS-1024x574.jpeg 1024w, https:\/\/lecturerapidekids.com\/wp-content\/uploads\/2023\/02\/IMAGE-BI-KIDS-scaled-scaled-600x337.jpeg 600w, https:\/\/lecturerapidekids.com\/wp-content\/uploads\/2023\/02\/IMAGE-BI-KIDS-300x168.jpeg 300w, https:\/\/lecturerapidekids.com\/wp-content\/uploads\/2023\/02\/IMAGE-BI-KIDS-768x431.jpeg 768w, https:\/\/lecturerapidekids.com\/wp-content\/uploads\/2023\/02\/IMAGE-BI-KIDS-1536x861.jpeg 1536w, https:\/\/lecturerapidekids.com\/wp-content\/uploads\/2023\/02\/IMAGE-BI-KIDS-2048x1148.jpeg 2048w, https:\/\/lecturerapidekids.com\/wp-content\/uploads\/2023\/02\/IMAGE-BI-KIDS-scaled-scaled.jpeg 1920w\" sizes=\"(max-width: 1024px) 100vw, 1024px\" \/>\t\t\t\t\t\t\t\t\t\t\t\t\t\t\t<\/div>\n\t\t\t\t<\/div>\n\t\t\t\t<div class=\"elementor-element elementor-element-2bbe5b6 elementor-widget elementor-widget-text-editor\" data-id=\"2bbe5b6\" data-element_type=\"widget\" data-widget_type=\"text-editor.default\">\n\t\t\t\t<div class=\"elementor-widget-container\">\n\t\t\t\t\t\t\t\t\t<p>Pensez bien \u00e0 nous ajouter \u00e0 vos contacts afin d\u2019\u00eatre certains de recevoir toutes les prochaines vid\u00e9os offertes et information.<\/p>\t\t\t\t\t\t\t\t<\/div>\n\t\t\t\t<\/div>\n\t\t\t\t\t<\/div>\n\t\t<\/div>\n\t\t\t\t<div class=\"elementor-column elementor-col-33 elementor-top-column elementor-element elementor-element-98a746e\" data-id=\"98a746e\" data-element_type=\"column\">\n\t\t\t<div class=\"elementor-widget-wrap\">\n\t\t\t\t\t\t\t<\/div>\n\t\t<\/div>\n\t\t\t\t\t<\/div>\n\t\t<\/section>\n\t\t\t\t<section class=\"elementor-section elementor-top-section elementor-element elementor-element-ece968a elementor-hidden-desktop elementor-hidden-tablet elementor-section-boxed elementor-section-height-default elementor-section-height-default\" data-id=\"ece968a\" data-element_type=\"section\" data-settings=\"{&quot;background_background&quot;:&quot;classic&quot;}\">\n\t\t\t\t\t\t<div class=\"elementor-container elementor-column-gap-default\">\n\t\t\t\t\t<div class=\"elementor-column elementor-col-100 elementor-top-column elementor-element elementor-element-edb62cf\" data-id=\"edb62cf\" data-element_type=\"column\">\n\t\t\t<div class=\"elementor-widget-wrap elementor-element-populated\">\n\t\t\t\t\t\t<div class=\"elementor-element elementor-element-85fa010 elementor-widget elementor-widget-image\" data-id=\"85fa010\" data-element_type=\"widget\" data-widget_type=\"image.default\">\n\t\t\t\t<div class=\"elementor-widget-container\">\n\t\t\t\t\t\t\t\t\t\t\t\t\t\t\t<img fetchpriority=\"high\" decoding=\"async\" width=\"1920\" height=\"1766\" src=\"https:\/\/lecturerapidekids.com\/wp-content\/uploads\/2023\/02\/logo-JAUNE-copie-2-scaled.png\" class=\"attachment-full size-full wp-image-7081\" alt=\"\" srcset=\"https:\/\/lecturerapidekids.com\/wp-content\/uploads\/2023\/02\/logo-JAUNE-copie-2-scaled.png 1920w, https:\/\/lecturerapidekids.com\/wp-content\/uploads\/2023\/02\/logo-JAUNE-copie-2-scaled-600x552.png 600w\" sizes=\"(max-width: 1920px) 100vw, 1920px\" \/>\t\t\t\t\t\t\t\t\t\t\t\t\t\t\t<\/div>\n\t\t\t\t<\/div>\n\t\t\t\t\t<\/div>\n\t\t<\/div>\n\t\t\t\t\t<\/div>\n\t\t<\/section>\n\t\t\t\t<section class=\"elementor-section elementor-top-section elementor-element elementor-element-edb52ea elementor-hidden-desktop elementor-hidden-tablet elementor-section-boxed elementor-section-height-default elementor-section-height-default\" data-id=\"edb52ea\" data-element_type=\"section\" data-settings=\"{&quot;background_background&quot;:&quot;classic&quot;}\">\n\t\t\t\t\t\t<div class=\"elementor-container elementor-column-gap-default\">\n\t\t\t\t\t<div class=\"elementor-column elementor-col-33 elementor-top-column elementor-element elementor-element-9939fba\" data-id=\"9939fba\" data-element_type=\"column\">\n\t\t\t<div class=\"elementor-widget-wrap\">\n\t\t\t\t\t\t\t<\/div>\n\t\t<\/div>\n\t\t\t\t<div class=\"elementor-column elementor-col-33 elementor-top-column elementor-element elementor-element-c116cf6\" data-id=\"c116cf6\" data-element_type=\"column\">\n\t\t\t<div class=\"elementor-widget-wrap elementor-element-populated\">\n\t\t\t\t\t\t<div class=\"elementor-element elementor-element-51b07f0 elementor-widget elementor-widget-text-editor\" data-id=\"51b07f0\" data-element_type=\"widget\" data-widget_type=\"text-editor.default\">\n\t\t\t\t<div class=\"elementor-widget-container\">\n\t\t\t\t\t\t\t\t\t<p><br>MERCI DE VOTRE INSCRIPTION !<br><\/p>\t\t\t\t\t\t\t\t<\/div>\n\t\t\t\t<\/div>\n\t\t\t\t<div class=\"elementor-element elementor-element-1f7a99e elementor-widget elementor-widget-text-editor\" data-id=\"1f7a99e\" data-element_type=\"widget\" data-widget_type=\"text-editor.default\">\n\t\t\t\t<div class=\"elementor-widget-container\">\n\t\t\t\t\t\t\t\t\t<p><span style=\"font-size: 16px;\">IMPORTANT : Vous allez recevoir d\u2019ici quelques minutes un email.<\/span><\/p>\n<p><span style=\"font-size: 16px;\">Il contiendra votre premi\u00e8re vid\u00e9o !<\/span><br><\/p>\t\t\t\t\t\t\t\t<\/div>\n\t\t\t\t<\/div>\n\t\t\t\t<div class=\"elementor-element elementor-element-8c802d9 elementor-widget elementor-widget-image\" data-id=\"8c802d9\" data-element_type=\"widget\" data-widget_type=\"image.default\">\n\t\t\t\t<div class=\"elementor-widget-container\">\n\t\t\t\t\t\t\t\t\t\t\t\t\t\t\t<img decoding=\"async\" width=\"1024\" height=\"574\" src=\"https:\/\/lecturerapidekids.com\/wp-content\/uploads\/2023\/02\/IMAGE-BI-KIDS-1024x574.jpeg\" class=\"attachment-large size-large wp-image-7015\" alt=\"\" srcset=\"https:\/\/lecturerapidekids.com\/wp-content\/uploads\/2023\/02\/IMAGE-BI-KIDS-1024x574.jpeg 1024w, https:\/\/lecturerapidekids.com\/wp-content\/uploads\/2023\/02\/IMAGE-BI-KIDS-scaled-scaled-600x337.jpeg 600w, https:\/\/lecturerapidekids.com\/wp-content\/uploads\/2023\/02\/IMAGE-BI-KIDS-300x168.jpeg 300w, https:\/\/lecturerapidekids.com\/wp-content\/uploads\/2023\/02\/IMAGE-BI-KIDS-768x431.jpeg 768w, https:\/\/lecturerapidekids.com\/wp-content\/uploads\/2023\/02\/IMAGE-BI-KIDS-1536x861.jpeg 1536w, https:\/\/lecturerapidekids.com\/wp-content\/uploads\/2023\/02\/IMAGE-BI-KIDS-2048x1148.jpeg 2048w, https:\/\/lecturerapidekids.com\/wp-content\/uploads\/2023\/02\/IMAGE-BI-KIDS-scaled-scaled.jpeg 1920w\" sizes=\"(max-width: 1024px) 100vw, 1024px\" \/>\t\t\t\t\t\t\t\t\t\t\t\t\t\t\t<\/div>\n\t\t\t\t<\/div>\n\t\t\t\t<div class=\"elementor-element elementor-element-4dd7db2 elementor-widget elementor-widget-text-editor\" data-id=\"4dd7db2\" data-element_type=\"widget\" data-widget_type=\"text-editor.default\">\n\t\t\t\t<div class=\"elementor-widget-container\">\n\t\t\t\t\t\t\t\t\t<p>Pensez bien \u00e0 nous ajouter \u00e0 vos contacts afin d\u2019\u00eatre certains de recevoir toutes les prochaines vid\u00e9os offertes et information.<\/p>\t\t\t\t\t\t\t\t<\/div>\n\t\t\t\t<\/div>\n\t\t\t\t\t<\/div>\n\t\t<\/div>\n\t\t\t\t<div class=\"elementor-column elementor-col-33 elementor-top-column elementor-element elementor-element-f38e526\" data-id=\"f38e526\" data-element_type=\"column\">\n\t\t\t<div class=\"elementor-widget-wrap\">\n\t\t\t\t\t\t\t<\/div>\n\t\t<\/div>\n\t\t\t\t\t<\/div>\n\t\t<\/section>\n\t\t\t\t<\/div>","protected":false},"excerpt":{"rendered":"<p>MERCI DE VOTRE INSCRIPTION ! IMPORTANT : Vous allez recevoir d\u2019ici quelques minutes un email. Il contiendra votre premi\u00e8re vid\u00e9o ! Pensez bien \u00e0 nous ajouter \u00e0 vos contacts afin d\u2019\u00eatre certains de recevoir toutes les prochaines vid\u00e9os offertes et information. MERCI DE VOTRE INSCRIPTION ! IMPORTANT : Vous allez recevoir d\u2019ici quelques minutes un [&hellip;]<\/p>","protected":false},"author":1,"featured_media":1364,"parent":0,"menu_order":0,"comment_status":"closed","ping_status":"closed","template":"elementor_canvas","meta":{"_acf_changed":false,"footnotes":""},"class_list":["post-7153","page","type-page","status-publish","has-post-thumbnail","hentry"],"acf":[],"yoast_head":"<!-- This site is optimized with the Yoast SEO plugin v26.5 - https:\/\/yoast.com\/wordpress\/plugins\/seo\/ -->\n<title>Testez gratuitement Lecture Rapide Sp\u00e9ciale Kids - Confirmation - lecturerapidekids<\/title>\n<meta name=\"robots\" content=\"index, follow, max-snippet:-1, max-image-preview:large, max-video-preview:-1\" \/>\n<link rel=\"canonical\" href=\"https:\/\/lecturerapidekids.com\/en\/confirmation-testez-online\/\" \/>\n<meta property=\"og:locale\" content=\"en_US\" \/>\n<meta property=\"og:type\" content=\"article\" \/>\n<meta property=\"og:title\" content=\"Testez gratuitement Lecture Rapide Sp\u00e9ciale Kids - Confirmation - lecturerapidekids\" \/>\n<meta property=\"og:description\" content=\"MERCI DE VOTRE INSCRIPTION ! IMPORTANT : Vous allez recevoir d\u2019ici quelques minutes un email. Il contiendra votre premi\u00e8re vid\u00e9o ! Pensez bien \u00e0 nous ajouter \u00e0 vos contacts afin d\u2019\u00eatre certains de recevoir toutes les prochaines vid\u00e9os offertes et information. MERCI DE VOTRE INSCRIPTION ! IMPORTANT : Vous allez recevoir d\u2019ici quelques minutes un [&hellip;]\" \/>\n<meta property=\"og:url\" content=\"https:\/\/lecturerapidekids.com\/en\/confirmation-testez-online\/\" \/>\n<meta property=\"og:site_name\" content=\"lecturerapidekids\" \/>\n<meta property=\"article:publisher\" content=\"https:\/\/www.facebook.com\/LectureRapideSpecialKids\" \/>\n<meta property=\"article:modified_time\" content=\"2023-02-17T12:57:36+00:00\" \/>\n<meta property=\"og:image\" content=\"https:\/\/lecturerapidekids.com\/wp-content\/uploads\/2021\/09\/Accueil-et-contact.jpg\" \/>\n\t<meta property=\"og:image:width\" content=\"1200\" \/>\n\t<meta property=\"og:image:height\" content=\"1097\" \/>\n\t<meta property=\"og:image:type\" content=\"image\/jpeg\" \/>\n<meta name=\"twitter:card\" content=\"summary_large_image\" \/>\n<script type=\"application\/ld+json\" class=\"yoast-schema-graph\">{\"@context\":\"https:\/\/schema.org\",\"@graph\":[{\"@type\":\"WebPage\",\"@id\":\"https:\/\/lecturerapidekids.com\/confirmation-testez-online\/\",\"url\":\"https:\/\/lecturerapidekids.com\/confirmation-testez-online\/\",\"name\":\"Testez gratuitement Lecture Rapide Sp\u00e9ciale Kids - Confirmation - lecturerapidekids\",\"isPartOf\":{\"@id\":\"https:\/\/lecturerapidekids.com\/#website\"},\"primaryImageOfPage\":{\"@id\":\"https:\/\/lecturerapidekids.com\/confirmation-testez-online\/#primaryimage\"},\"image\":{\"@id\":\"https:\/\/lecturerapidekids.com\/confirmation-testez-online\/#primaryimage\"},\"thumbnailUrl\":\"https:\/\/lecturerapidekids.com\/wp-content\/uploads\/2021\/09\/Accueil-et-contact.jpg\",\"datePublished\":\"2023-02-10T20:37:41+00:00\",\"dateModified\":\"2023-02-17T12:57:36+00:00\",\"breadcrumb\":{\"@id\":\"https:\/\/lecturerapidekids.com\/confirmation-testez-online\/#breadcrumb\"},\"inLanguage\":\"en-US\",\"potentialAction\":[{\"@type\":\"ReadAction\",\"target\":[\"https:\/\/lecturerapidekids.com\/confirmation-testez-online\/\"]}]},{\"@type\":\"ImageObject\",\"inLanguage\":\"en-US\",\"@id\":\"https:\/\/lecturerapidekids.com\/confirmation-testez-online\/#primaryimage\",\"url\":\"https:\/\/lecturerapidekids.com\/wp-content\/uploads\/2021\/09\/Accueil-et-contact.jpg\",\"contentUrl\":\"https:\/\/lecturerapidekids.com\/wp-content\/uploads\/2021\/09\/Accueil-et-contact.jpg\",\"width\":1200,\"height\":1097},{\"@type\":\"BreadcrumbList\",\"@id\":\"https:\/\/lecturerapidekids.com\/confirmation-testez-online\/#breadcrumb\",\"itemListElement\":[{\"@type\":\"ListItem\",\"position\":1,\"name\":\"Accueil\",\"item\":\"https:\/\/lecturerapidekids.com\/\"},{\"@type\":\"ListItem\",\"position\":2,\"name\":\"Testez gratuitement Lecture Rapide Sp\u00e9ciale Kids &#8211; Confirmation\"}]},{\"@type\":\"WebSite\",\"@id\":\"https:\/\/lecturerapidekids.com\/#website\",\"url\":\"https:\/\/lecturerapidekids.com\/\",\"name\":\"lecturerapidekids\",\"description\":\"Donnez le go\u00fbt de la lecture \u00e0 votre enfant et doublez sa vitesse de lecture en 2h30\",\"potentialAction\":[{\"@type\":\"SearchAction\",\"target\":{\"@type\":\"EntryPoint\",\"urlTemplate\":\"https:\/\/lecturerapidekids.com\/?s={search_term_string}\"},\"query-input\":{\"@type\":\"PropertyValueSpecification\",\"valueRequired\":true,\"valueName\":\"search_term_string\"}}],\"inLanguage\":\"en-US\"}]}<\/script>\n<!-- \/ Yoast SEO plugin. -->","yoast_head_json":{"title":"Testez gratuitement Lecture Rapide Sp\u00e9ciale Kids - Confirmation - lecturerapidekids","robots":{"index":"index","follow":"follow","max-snippet":"max-snippet:-1","max-image-preview":"max-image-preview:large","max-video-preview":"max-video-preview:-1"},"canonical":"https:\/\/lecturerapidekids.com\/en\/confirmation-testez-online\/","og_locale":"en_US","og_type":"article","og_title":"Testez gratuitement Lecture Rapide Sp\u00e9ciale Kids - Confirmation - lecturerapidekids","og_description":"MERCI DE VOTRE INSCRIPTION ! IMPORTANT : Vous allez recevoir d\u2019ici quelques minutes un email. Il contiendra votre premi\u00e8re vid\u00e9o ! Pensez bien \u00e0 nous ajouter \u00e0 vos contacts afin d\u2019\u00eatre certains de recevoir toutes les prochaines vid\u00e9os offertes et information. MERCI DE VOTRE INSCRIPTION ! IMPORTANT : Vous allez recevoir d\u2019ici quelques minutes un [&hellip;]","og_url":"https:\/\/lecturerapidekids.com\/en\/confirmation-testez-online\/","og_site_name":"lecturerapidekids","article_publisher":"https:\/\/www.facebook.com\/LectureRapideSpecialKids","article_modified_time":"2023-02-17T12:57:36+00:00","og_image":[{"width":1200,"height":1097,"url":"https:\/\/lecturerapidekids.com\/wp-content\/uploads\/2021\/09\/Accueil-et-contact.jpg","type":"image\/jpeg"}],"twitter_card":"summary_large_image","schema":{"@context":"https:\/\/schema.org","@graph":[{"@type":"WebPage","@id":"https:\/\/lecturerapidekids.com\/confirmation-testez-online\/","url":"https:\/\/lecturerapidekids.com\/confirmation-testez-online\/","name":"Testez gratuitement Lecture Rapide Sp\u00e9ciale Kids - Confirmation - lecturerapidekids","isPartOf":{"@id":"https:\/\/lecturerapidekids.com\/#website"},"primaryImageOfPage":{"@id":"https:\/\/lecturerapidekids.com\/confirmation-testez-online\/#primaryimage"},"image":{"@id":"https:\/\/lecturerapidekids.com\/confirmation-testez-online\/#primaryimage"},"thumbnailUrl":"https:\/\/lecturerapidekids.com\/wp-content\/uploads\/2021\/09\/Accueil-et-contact.jpg","datePublished":"2023-02-10T20:37:41+00:00","dateModified":"2023-02-17T12:57:36+00:00","breadcrumb":{"@id":"https:\/\/lecturerapidekids.com\/confirmation-testez-online\/#breadcrumb"},"inLanguage":"en-US","potentialAction":[{"@type":"ReadAction","target":["https:\/\/lecturerapidekids.com\/confirmation-testez-online\/"]}]},{"@type":"ImageObject","inLanguage":"en-US","@id":"https:\/\/lecturerapidekids.com\/confirmation-testez-online\/#primaryimage","url":"https:\/\/lecturerapidekids.com\/wp-content\/uploads\/2021\/09\/Accueil-et-contact.jpg","contentUrl":"https:\/\/lecturerapidekids.com\/wp-content\/uploads\/2021\/09\/Accueil-et-contact.jpg","width":1200,"height":1097},{"@type":"BreadcrumbList","@id":"https:\/\/lecturerapidekids.com\/confirmation-testez-online\/#breadcrumb","itemListElement":[{"@type":"ListItem","position":1,"name":"Accueil","item":"https:\/\/lecturerapidekids.com\/"},{"@type":"ListItem","position":2,"name":"Testez gratuitement Lecture Rapide Sp\u00e9ciale Kids &#8211; Confirmation"}]},{"@type":"WebSite","@id":"https:\/\/lecturerapidekids.com\/#website","url":"https:\/\/lecturerapidekids.com\/","name":"lecturerapidekids","description":"Donnez le go\u00fbt de la lecture \u00e0 votre enfant et doublez sa vitesse de lecture en 2h30","potentialAction":[{"@type":"SearchAction","target":{"@type":"EntryPoint","urlTemplate":"https:\/\/lecturerapidekids.com\/?s={search_term_string}"},"query-input":{"@type":"PropertyValueSpecification","valueRequired":true,"valueName":"search_term_string"}}],"inLanguage":"en-US"}]}},"_links":{"self":[{"href":"https:\/\/lecturerapidekids.com\/en\/wp-json\/wp\/v2\/pages\/7153","targetHints":{"allow":["GET"]}}],"collection":[{"href":"https:\/\/lecturerapidekids.com\/en\/wp-json\/wp\/v2\/pages"}],"about":[{"href":"https:\/\/lecturerapidekids.com\/en\/wp-json\/wp\/v2\/types\/page"}],"author":[{"embeddable":true,"href":"https:\/\/lecturerapidekids.com\/en\/wp-json\/wp\/v2\/users\/1"}],"replies":[{"embeddable":true,"href":"https:\/\/lecturerapidekids.com\/en\/wp-json\/wp\/v2\/comments?post=7153"}],"version-history":[{"count":41,"href":"https:\/\/lecturerapidekids.com\/en\/wp-json\/wp\/v2\/pages\/7153\/revisions"}],"predecessor-version":[{"id":7274,"href":"https:\/\/lecturerapidekids.com\/en\/wp-json\/wp\/v2\/pages\/7153\/revisions\/7274"}],"wp:featuredmedia":[{"embeddable":true,"href":"https:\/\/lecturerapidekids.com\/en\/wp-json\/wp\/v2\/media\/1364"}],"wp:attachment":[{"href":"https:\/\/lecturerapidekids.com\/en\/wp-json\/wp\/v2\/media?parent=7153"}],"curies":[{"name":"wp","href":"https:\/\/api.w.org\/{rel}","templated":true}]}}